{"id":7,"date":"2024-03-10T21:34:20","date_gmt":"2024-03-10T21:34:20","guid":{"rendered":"https:\/\/www.traduccionesaragon.com\/?page_id=7"},"modified":"2024-07-15T22:25:02","modified_gmt":"2024-07-16T03:25:02","slug":"traducciones-aragon-s-c","status":"publish","type":"page","link":"https:\/\/www.traduccionesaragon.com\/","title":{"rendered":"Traducciones Arag\u00f3n S.C."},"content":{"rendered":"\n<div class=\"wp-block-group alignfull has-background has-global-padding is-layout-constrained wp-container-core-group-is-layout-490fa1db wp-block-group-is-layout-constrained\" style=\"background:linear-gradient(180deg,rgb(105,88,0) 0%,rgb(228,194,3) 100%);min-height:605px;padding-top:var(--wp--preset--spacing--50);padding-right:var(--wp--preset--spacing--50);padding-bottom:var(--wp--preset--spacing--50);padding-left:var(--wp--preset--spacing--50)\">\n<figure class=\"wp-block-image size-full is-style-rounded is-style-rounded--1\"><img loading=\"lazy\" decoding=\"async\" width=\"650\" height=\"237\" src=\"https:\/\/www.traduccionesaragon.com\/wp-content\/uploads\/2024\/03\/logo-Traducciones-aragon.jpg\" alt=\"\" class=\"wp-image-9\" srcset=\"https:\/\/www.traduccionesaragon.com\/wp-content\/uploads\/2024\/03\/logo-Traducciones-aragon.jpg 650w, https:\/\/www.traduccionesaragon.com\/wp-content\/uploads\/2024\/03\/logo-Traducciones-aragon-300x109.jpg 300w\" sizes=\"auto, (max-width: 650px) 100vw, 650px\" \/><\/figure>\n\n\n\n<div class=\"wp-block-group has-global-padding is-layout-constrained wp-container-core-group-is-layout-650790e1 wp-block-group-is-layout-constrained\">\n<h1 class=\"wp-block-heading has-text-align-center has-x-large-font-size\"><strong>Traducimos con los m\u00e1s altos est\u00e1ndares de calidad.<\/strong><\/h1>\n\n\n\n<div style=\"height:1.25rem\" aria-hidden=\"true\" class=\"wp-block-spacer\"><\/div>\n\n\n\n<p class=\"has-text-align-center\">Somos una empresa dedicada, desde 1992, a la prestaci\u00f3n de servicios de traducci\u00f3n e interpretaci\u00f3n en sus diferentes modalidades, colaborando con empresas de renombre internacional que respaldan la calidad de nuestros servicios.<\/p>\n\n\n\n<div style=\"height:1.25rem\" aria-hidden=\"true\" class=\"wp-block-spacer\"><\/div>\n\n\n\n<div class=\"wp-block-buttons is-content-justification-center is-layout-flex wp-container-core-buttons-is-layout-a89b3969 wp-block-buttons-is-layout-flex\">\n<div class=\"wp-block-button\"><a class=\"wp-block-button__link wp-element-button\" href=\"https:\/\/traduccionesaragon.com.mx\/nosotros\/\">Mas Sobre Nosotros<\/a><\/div>\n<\/div>\n<\/div>\n\n\n\n<div style=\"height:var(--wp--preset--spacing--30)\" aria-hidden=\"true\" class=\"wp-block-spacer\"><\/div>\n\n\n\n<div class=\"wp-block-group has-global-padding is-layout-constrained wp-block-group-is-layout-constrained\">\n<h3 class=\"wp-block-heading has-text-align-center\">Tel\u00e9fonos de CDMX: <\/h3>\n\n\n\n<h3 class=\"wp-block-heading has-text-align-center\"><a href=\"tel:015553527434\">01 55 53527434<\/a><a href=\"tel:01 55 53528910\"> y <\/a><a href=\"tel:01 55 53528910\">01 55 53528910<\/a><\/h3>\n<\/div>\n<\/div>\n\n\n\n<div class=\"wp-block-group alignfull has-base-2-background-color has-background has-global-padding is-layout-constrained wp-container-core-group-is-layout-669513ed wp-block-group-is-layout-constrained\" style=\"margin-top:0;margin-bottom:0;padding-top:var(--wp--preset--spacing--50);padding-right:var(--wp--preset--spacing--50);padding-bottom:var(--wp--preset--spacing--50);padding-left:var(--wp--preset--spacing--50)\">\n<div class=\"wp-block-group is-vertical is-content-justification-center is-layout-flex wp-container-core-group-is-layout-52b864f0 wp-block-group-is-layout-flex\">\n<h2 class=\"wp-block-heading has-text-align-center is-style-asterisk\"><strong>Si quieres saber el costo de tu traducci\u00f3n env\u00edanos tu documento escaneado a:&nbsp;<\/strong><\/h2>\n\n\n\n<div style=\"height:0px\" aria-hidden=\"true\" class=\"wp-block-spacer wp-container-content-4f2ccadb\"><\/div>\n\n\n\n<p class=\"has-text-align-center has-text-color has-link-color wp-elements-dd5135213e3163b034ef67584eb39172\" style=\"color:#d1c104\"><a href=\"mailto:cotizaciones@www.traduccionesaragon.com\" rel=\"nofollow\"><strong>cotizaciones@www.traduccionesaragon.com<\/strong><\/a><\/p>\n\n\n\n<p><\/p>\n\n\n\n<div class=\"wp-block-buttons is-content-justification-center is-layout-flex wp-container-core-buttons-is-layout-a89b3969 wp-block-buttons-is-layout-flex\">\n<div class=\"wp-block-button has-custom-width wp-block-button__width-100 is-style-fill\"><a class=\"wp-block-button__link has-background has-text-align-center wp-element-button\" href=\"https:\/\/traduccionesaragon.com.mx\/contacto\/\" style=\"background-color:#e4c203\"><strong>COTIZA CUALQUIER SERVICIO AQU\u00cd.<\/strong><\/a><\/div>\n<\/div>\n<\/div>\n\n\n\n<div class=\"wp-block-group alignwide has-global-padding is-layout-constrained wp-block-group-is-layout-constrained\">\n<div style=\"margin-top:0;margin-bottom:0;height:var(--wp--preset--spacing--40)\" aria-hidden=\"true\" class=\"wp-block-spacer\"><\/div>\n\n\n\n<div class=\"wp-block-columns alignwide is-layout-flex wp-container-core-columns-is-layout-d0bbbce0 wp-block-columns-is-layout-flex\">\n<div class=\"wp-block-column is-layout-flow wp-container-core-column-is-layout-e3d1c41b wp-block-column-is-layout-flow\">\n<p class=\"has-text-color has-link-color wp-elements-7b242760ec3b645ff2ac0d7ee20524da\" style=\"color:#e4c203\"><strong>PERITO TRADUCTOR<\/strong><\/p>\n\n\n\n<p><strong>Peritos traductores con m\u00e1s de 30 a\u00f1os de experiencia<\/strong><\/p>\n\n\n\n<ol style=\"color:#e4c203\" class=\"has-text-color has-link-color wp-block-list wp-elements-6c2046176574e209a93d5523466ebd41\">\n<li class=\"has-medium-font-size\"><strong><a href=\"https:\/\/traduccionesaragon.com.mx\/peritos-traductores\/\" data-type=\"link\" data-id=\"https:\/\/traduccionesaragon.com.mx\/peritos-traductores\/\">PERITO TRADUCTOR ESTATAL<\/a><\/strong><\/li>\n\n\n\n<li class=\"has-medium-font-size\"><strong><a href=\"https:\/\/traduccionesaragon.com.mx\/peritos-traductores\/\" data-type=\"link\" data-id=\"https:\/\/traduccionesaragon.com.mx\/peritos-traductores\/\">PERITO TRADUCTOR FEDERAL<\/a><\/strong><\/li>\n<\/ol>\n\n\n\n<figure class=\"wp-block-gallery has-nested-images columns-default is-cropped wp-block-gallery-2 is-layout-flex wp-block-gallery-is-layout-flex\">\n<figure class=\"wp-block-image size-large\"><img loading=\"lazy\" decoding=\"async\" width=\"500\" height=\"300\" data-id=\"17\" src=\"https:\/\/www.traduccionesaragon.com\/wp-content\/uploads\/2024\/03\/top-view-messy-book-group_23-2147978248-500x300-1.jpg\" alt=\"\" class=\"wp-image-17\" srcset=\"https:\/\/www.traduccionesaragon.com\/wp-content\/uploads\/2024\/03\/top-view-messy-book-group_23-2147978248-500x300-1.jpg 500w, https:\/\/www.traduccionesaragon.com\/wp-content\/uploads\/2024\/03\/top-view-messy-book-group_23-2147978248-500x300-1-300x180.jpg 300w\" sizes=\"auto, (max-width: 500px) 100vw, 500px\" \/><\/figure>\n<\/figure>\n<\/div>\n\n\n\n<div class=\"wp-block-column is-layout-flow wp-container-core-column-is-layout-e3d1c41b wp-block-column-is-layout-flow\">\n<p class=\"has-text-color has-link-color wp-elements-caae370d2c15d31bd16e9346388aa587\" style=\"color:#e4c203\"><strong><strong>TRADUCCI\u00d3N DE DOCUMENTOS<\/strong><\/strong><\/p>\n\n\n\n<p>Todos nuestros profesionales en esta materia cuentan con amplia experiencia y reconocimiento a nivel nacional e internacional y son especialistas en las diferentes \u00e1reas tales como derecho, ingenier\u00eda, inform\u00e1tica, medicina, etc., temas que pueden resumirse en tres tipos de documentos:<\/p>\n\n\n\n<ol style=\"color:#e4c203\" class=\"has-text-color has-link-color wp-block-list wp-elements-91c6527707bee56db3911e4e0bc5037e\">\n<li class=\"has-medium-font-size\"><strong><a href=\"https:\/\/traduccionesaragon.com.mx\/traduccion_documentos\/\">Jur\u00eddicos<\/a><\/strong><\/li>\n\n\n\n<li class=\"has-medium-font-size\"><strong><a href=\"https:\/\/traduccionesaragon.com.mx\/traduccion_documentos\/\">T\u00e9cnicos-cient\u00edficos&nbsp;<\/a><\/strong><\/li>\n\n\n\n<li class=\"has-medium-font-size\"><strong><a href=\"https:\/\/traduccionesaragon.com.mx\/traduccion_documentos\/\">Especializados<\/a><\/strong><\/li>\n<\/ol>\n\n\n\n<figure class=\"wp-block-gallery has-nested-images columns-default is-cropped wp-block-gallery-3 is-layout-flex wp-block-gallery-is-layout-flex\">\n<figure class=\"wp-block-image size-large\"><img loading=\"lazy\" decoding=\"async\" width=\"570\" height=\"350\" data-id=\"18\" src=\"https:\/\/www.traduccionesaragon.com\/wp-content\/uploads\/2024\/03\/primer-plano-monton-documentos-sobre-mesa_1098-3881-570x350-1.jpg\" alt=\"\" class=\"wp-image-18\" srcset=\"https:\/\/www.traduccionesaragon.com\/wp-content\/uploads\/2024\/03\/primer-plano-monton-documentos-sobre-mesa_1098-3881-570x350-1.jpg 570w, https:\/\/www.traduccionesaragon.com\/wp-content\/uploads\/2024\/03\/primer-plano-monton-documentos-sobre-mesa_1098-3881-570x350-1-300x184.jpg 300w\" sizes=\"auto, (max-width: 570px) 100vw, 570px\" \/><\/figure>\n<\/figure>\n<\/div>\n\n\n\n<div class=\"wp-block-column is-layout-flow wp-container-core-column-is-layout-e3d1c41b wp-block-column-is-layout-flow\">\n<p class=\"has-text-color has-link-color wp-elements-864f4b099ebb8168920fb619c5f3e082\" style=\"color:#e4c203\"><strong><strong><strong>INTERPRETACI\u00d3N<\/strong><\/strong><\/strong><\/p>\n\n\n\n<p>Todos nuestros profesionales en esta materia cuentan con amplia experiencia y reconocimiento a nivel nacional e internacional, adem\u00e1s de ser miembros del selecto grupo del Colegio Mexicano de Int\u00e9rpretes de Conferencias, A.C.<\/p>\n\n\n\n<p><strong>B\u00e1sicamente la interpretaci\u00f3n se clasifica en tres modalidades<\/strong><\/p>\n\n\n\n<ol style=\"color:#e4c203\" class=\"has-text-color has-link-color wp-block-list wp-elements-c86e82e42e590f6a1dad52a5bc80f46e\">\n<li><a href=\"https:\/\/traduccionesaragon.com.mx\/interpretacion-2\/\">SIMULT\u00c1NEA<\/a><\/li>\n\n\n\n<li><a href=\"https:\/\/traduccionesaragon.com.mx\/interpretacion-2\/\">CONSECUTIVA<\/a><\/li>\n\n\n\n<li><a href=\"https:\/\/traduccionesaragon.com.mx\/interpretacion-2\/\">ACOMPA\u00d1ANTE<\/a><\/li>\n<\/ol>\n\n\n\n<figure class=\"wp-block-gallery has-nested-images columns-default is-cropped wp-block-gallery-4 is-layout-flex wp-block-gallery-is-layout-flex\">\n<figure class=\"wp-block-image size-large\"><img loading=\"lazy\" decoding=\"async\" width=\"570\" height=\"350\" data-id=\"19\" src=\"https:\/\/www.traduccionesaragon.com\/wp-content\/uploads\/2024\/03\/simultanea-900x444-570x350-1.jpg\" alt=\"\" class=\"wp-image-19\" srcset=\"https:\/\/www.traduccionesaragon.com\/wp-content\/uploads\/2024\/03\/simultanea-900x444-570x350-1.jpg 570w, https:\/\/www.traduccionesaragon.com\/wp-content\/uploads\/2024\/03\/simultanea-900x444-570x350-1-300x184.jpg 300w\" sizes=\"auto, (max-width: 570px) 100vw, 570px\" \/><\/figure>\n<\/figure>\n<\/div>\n<\/div>\n<\/div>\n\n\n\n<div class=\"wp-block-group alignwide has-global-padding is-layout-constrained wp-block-group-is-layout-constrained\">\n<div style=\"margin-top:0;margin-bottom:0;height:var(--wp--preset--spacing--40)\" aria-hidden=\"true\" class=\"wp-block-spacer\"><\/div>\n\n\n\n<div class=\"wp-block-columns alignwide is-layout-flex wp-container-core-columns-is-layout-d0bbbce0 wp-block-columns-is-layout-flex\">\n<div class=\"wp-block-column is-layout-flow wp-container-core-column-is-layout-e3d1c41b wp-block-column-is-layout-flow\">\n<p class=\"has-text-color has-link-color wp-elements-6c3111c0f774bae7701817cf632eff5e\" style=\"color:#e4c203\"><strong><strong><strong>APOSTILLE Y LEGALIZACI\u00d3N<\/strong><\/strong><\/strong><\/p>\n\n\n\n<p>Servicio de Apostille (o Apostilla) y legalizaci\u00f3n de documentos mexicanos.<\/p>\n\n\n\n<p><strong>Traducciones Arag\u00f3n, S.C., presta servicios integrales, proporcionando asesor\u00eda para obtener el tipo de documento que debes tramitar en M\u00e9xico, cuando \u00e9ste debe presentarse&nbsp; ante una autoridad en el extranjero.<\/strong><\/p>\n\n\n\n<ol style=\"color:#e4c203\" class=\"has-text-color has-link-color wp-block-list wp-elements-74ec08492e2497e76059a2d331efcc9c\">\n<li class=\"has-medium-font-size\"><a href=\"https:\/\/traduccionesaragon.com.mx\/apostille_legalizacion\/\">APOSTILLE <strong><strong>o Apostilla<\/strong><\/strong><\/a><\/li>\n\n\n\n<li class=\"has-medium-font-size\"><a href=\"https:\/\/traduccionesaragon.com.mx\/apostille_legalizacion\/\">LEGALIZACI\u00d3N<\/a><\/li>\n<\/ol>\n\n\n\n<figure class=\"wp-block-gallery has-nested-images columns-default is-cropped wp-block-gallery-5 is-layout-flex wp-block-gallery-is-layout-flex\">\n<figure class=\"wp-block-image size-large\"><img loading=\"lazy\" decoding=\"async\" width=\"570\" height=\"450\" data-id=\"23\" src=\"https:\/\/www.traduccionesaragon.com\/wp-content\/uploads\/2024\/03\/apostille-570x450-1.jpg\" alt=\"\" class=\"wp-image-23\" srcset=\"https:\/\/www.traduccionesaragon.com\/wp-content\/uploads\/2024\/03\/apostille-570x450-1.jpg 570w, https:\/\/www.traduccionesaragon.com\/wp-content\/uploads\/2024\/03\/apostille-570x450-1-300x237.jpg 300w\" sizes=\"auto, (max-width: 570px) 100vw, 570px\" \/><\/figure>\n<\/figure>\n<\/div>\n\n\n\n<div class=\"wp-block-column is-layout-flow wp-container-core-column-is-layout-e3d1c41b wp-block-column-is-layout-flow\">\n<p class=\"has-text-color has-link-color wp-elements-f0f78169449199850cb9e8dddf0c3e24\" style=\"color:#e4c203\"><strong><strong><strong>RENTA DE EQUIPO DE INTERPRETACI\u00d3N<\/strong><\/strong><\/strong><\/p>\n\n\n\n<ol class=\"wp-block-list\">\n<li>Todos nuestros equipos son de la m\u00e1s alta calidad a nivel mundial. Contamos con equipos con tecnolog\u00eda digital (Williams sound) y de rayos infrarrojos (Sennheiser), para garantizar la confidencialidad de su informaci\u00f3n<\/li>\n\n\n\n<li>Equipo completo de interpretaci\u00f3n simult\u00e1nea. Para convenciones o conferencias<\/li>\n\n\n\n<li>Equipo de interpretaci\u00f3n port\u00e1til o Bodypack.<br>Ideal para visitas guiadas o cursos de mantenimiento de equipos en planta<\/li>\n\n\n\n<li>Somos la soluci\u00f3n a tus proyectos de interpretaci\u00f3n.<\/li>\n<\/ol>\n\n\n\n<p class=\"has-text-color has-link-color wp-elements-c14b616c3fe884318114e6cf5f943ca6\" style=\"color:#e4c203\"><strong><a href=\"https:\/\/traduccionesaragon.com.mx\/renta_equipo_interpretacion\/\">MAS DETALLES EN ESTE LINK<\/a><\/strong><\/p>\n\n\n\n<figure class=\"wp-block-gallery has-nested-images columns-default is-cropped wp-block-gallery-6 is-layout-flex wp-block-gallery-is-layout-flex\">\n<figure class=\"wp-block-image size-large\"><img loading=\"lazy\" decoding=\"async\" width=\"600\" height=\"380\" data-id=\"24\" src=\"https:\/\/www.traduccionesaragon.com\/wp-content\/uploads\/2024\/03\/EQUIPO-INTERPRETACION-SIMULTANEA-2.png\" alt=\"\" class=\"wp-image-24\" srcset=\"https:\/\/www.traduccionesaragon.com\/wp-content\/uploads\/2024\/03\/EQUIPO-INTERPRETACION-SIMULTANEA-2.png 600w, https:\/\/www.traduccionesaragon.com\/wp-content\/uploads\/2024\/03\/EQUIPO-INTERPRETACION-SIMULTANEA-2-300x190.png 300w\" sizes=\"auto, (max-width: 600px) 100vw, 600px\" \/><\/figure>\n<\/figure>\n\n\n\n<figure class=\"wp-block-gallery has-nested-images columns-default is-cropped wp-block-gallery-7 is-layout-flex wp-block-gallery-is-layout-flex\">\n<figure class=\"wp-block-image size-large\"><img loading=\"lazy\" decoding=\"async\" width=\"590\" height=\"330\" data-id=\"25\" src=\"https:\/\/www.traduccionesaragon.com\/wp-content\/uploads\/2024\/03\/EQUIPO-INTERPRETACION-SIMULTANEA-3.png\" alt=\"\" class=\"wp-image-25\" srcset=\"https:\/\/www.traduccionesaragon.com\/wp-content\/uploads\/2024\/03\/EQUIPO-INTERPRETACION-SIMULTANEA-3.png 590w, https:\/\/www.traduccionesaragon.com\/wp-content\/uploads\/2024\/03\/EQUIPO-INTERPRETACION-SIMULTANEA-3-300x168.png 300w\" sizes=\"auto, (max-width: 590px) 100vw, 590px\" \/><\/figure>\n<\/figure>\n<\/div>\n\n\n\n<div class=\"wp-block-column is-layout-flow wp-container-core-column-is-layout-e3d1c41b wp-block-column-is-layout-flow\">\n<p class=\"has-text-color has-link-color wp-elements-e452f0c788096227ef7b71df1bebb9fa\" style=\"color:#e4c203\"><strong><strong><strong><strong>CLASES DE INGLES.<\/strong><\/strong><\/strong><\/strong><\/p>\n\n\n\n<p><strong>No s\u00f3lo adquieres conocimientos.<\/strong><\/p>\n\n\n\n<p>\u00a1Sino tambi\u00e9n una experiencia de aprendizaje envolvente y divertida!<\/p>\n\n\n\n<p>Nuestros instructores altamente calificados garantizar\u00e1n que cada clase sea interactiva, din\u00e1mica y adaptada a tus necesidades individuales.<\/p>\n\n\n\n<p>\u00bfListo para el siguiente paso hacia el \u00e9xito? \u00a1No esperes m\u00e1s!<\/p>\n\n\n\n<p>Nuestro equipo est\u00e1 listo para brindarte m\u00e1s detalles sobre c\u00f3mo puedes transformar tu futuro profesional a trav\u00e9s de estas clases excepcionales.<\/p>\n\n\n\n<p>\u00a1Reserva tu llamada informativa ahora mismo! No pierdas la oportunidad de descubrir c\u00f3mo nuestras clases de ingl\u00e9s especializadas pueden abrir puertas y crear oportunidades ilimitadas para ti. \u00a1Tu \u00e9xito te est\u00e1 esperando!<\/p>\n\n\n\n<p>No dejes pasar esta oportunidad. \u00a1Agenda tu llamada hoy mismo!<\/p>\n\n\n\n<p><strong>No dejes pasar esta oportunidad. \u00a1Agenda tu llamada hoy mismo!<\/strong><\/p>\n\n\n\n<p class=\"has-text-color has-link-color wp-elements-146fb974ab85c27d146940c85e3e09aa\" style=\"color:#e4c203\"><strong>&nbsp;Env\u00edanos un Whatsapp o un correo&nbsp; para agendar tu entrevista.<\/strong><\/p>\n\n\n\n<p class=\"has-text-color has-link-color wp-elements-39271536a6e99c73d8273be2665dcf84\" style=\"color:#e4c203\"><strong><a href=\"https:\/\/traduccionesaragon.com.mx\/clases-ingles\/\">MAS DETALLES EN ESTE LINK<\/a><\/strong><\/p>\n\n\n\n<figure class=\"wp-block-gallery has-nested-images columns-default is-cropped wp-block-gallery-8 is-layout-flex wp-block-gallery-is-layout-flex\">\n<figure class=\"wp-block-image size-large\"><img loading=\"lazy\" decoding=\"async\" width=\"372\" height=\"312\" data-id=\"27\" src=\"https:\/\/www.traduccionesaragon.com\/wp-content\/uploads\/2024\/03\/CLASES-DE-INGLES.png\" alt=\"\" class=\"wp-image-27\" srcset=\"https:\/\/www.traduccionesaragon.com\/wp-content\/uploads\/2024\/03\/CLASES-DE-INGLES.png 372w, https:\/\/www.traduccionesaragon.com\/wp-content\/uploads\/2024\/03\/CLASES-DE-INGLES-300x252.png 300w\" sizes=\"auto, (max-width: 372px) 100vw, 372px\" \/><\/figure>\n<\/figure>\n<\/div>\n<\/div>\n<\/div>\n\n\n\n<div style=\"height:var(--wp--preset--spacing--20)\" aria-hidden=\"true\" class=\"wp-block-spacer\"><\/div>\n\n\n\n<div class=\"wp-block-buttons is-content-justification-center is-layout-flex wp-container-core-buttons-is-layout-a89b3969 wp-block-buttons-is-layout-flex\">\n<div class=\"wp-block-button has-custom-width wp-block-button__width-75 is-style-fill\"><a class=\"wp-block-button__link has-background has-text-align-center wp-element-button\" href=\"https:\/\/traduccionesaragon.com.mx\/contacto\/\" style=\"background-color:#e4c203\"><strong>COTIZA CUALQUIER SERVICIO AQU\u00cd.<\/strong><\/a><\/div>\n<\/div>\n\n\n\n<div class=\"wp-block-group has-global-padding is-layout-constrained wp-block-group-is-layout-constrained\">\n<h3 class=\"wp-block-heading has-text-align-center\">Tel\u00e9fonos de CDMX: <\/h3>\n\n\n\n<h3 class=\"wp-block-heading has-text-align-center has-text-color has-link-color wp-elements-73d7c0356d19f139cd03148e4218575e\" style=\"color:#e4c203\"><a href=\"tel:015553527434\">01 55 53527434<\/a><a href=\"tel:01 55 53528910\"> y <\/a><a href=\"tel:01 55 53528910\">01 55 53528910<\/a><\/h3>\n<\/div>\n<\/div>\n\n\n\n<div class=\"wp-block-group alignfull has-global-padding is-layout-constrained wp-container-core-group-is-layout-d89aad35 wp-block-group-is-layout-constrained\" style=\"margin-top:0;margin-bottom:0;padding-top:var(--wp--preset--spacing--50);padding-right:var(--wp--preset--spacing--50);padding-bottom:var(--wp--preset--spacing--50);padding-left:var(--wp--preset--spacing--50)\">\n<div class=\"wp-block-group alignwide has-global-padding is-layout-constrained wp-container-core-group-is-layout-19e250f3 wp-block-group-is-layout-constrained\">\n<div class=\"wp-block-group is-vertical is-content-justification-center is-layout-flex wp-container-core-group-is-layout-6329a8f3 wp-block-group-is-layout-flex\">\n<h2 class=\"wp-block-heading has-text-align-center is-style-asterisk\"><strong>Traducciones Arag\u00f3n, S.C.<\/strong><\/h2>\n\n\n\n<p class=\"has-text-align-center\">Empresa dedicada, desde 1992, a la prestaci\u00f3n de servicios de traducci\u00f3n e interpretaci\u00f3n en sus diferentes modalidades, colaborando con empresas de renombre internacional que respaldan la calidad de nuestros servicios.<\/p>\n<\/div>\n\n\n\n<div style=\"height:var(--wp--preset--spacing--40)\" aria-hidden=\"true\" class=\"wp-block-spacer\"><\/div>\n\n\n\n<div class=\"wp-block-columns alignwide is-layout-flex wp-container-core-columns-is-layout-d1c656ed wp-block-columns-is-layout-flex\">\n<div class=\"wp-block-column is-vertically-aligned-center is-layout-flow wp-block-column-is-layout-flow\" style=\"flex-basis:40%\">\n<h3 class=\"wp-block-heading is-style-asterisk\">ALGUNOS DE NUESTROS CLIENTES<\/h3>\n\n\n\n<ul style=\"line-height:1.75\" class=\"is-style-checkmark-list wp-block-list\">\n<li>Contamos con&nbsp; peritos traductores e int\u00e9rpretes profesionales de conferencias en diversos idiomas.<\/li>\n<\/ul>\n<\/div>\n\n\n\n<div class=\"wp-block-column is-layout-flow wp-block-column-is-layout-flow\" style=\"flex-basis:50%\">\n<figure class=\"wp-block-image size-full is-style-rounded is-style-rounded--9\"><img loading=\"lazy\" decoding=\"async\" width=\"960\" height=\"540\" src=\"https:\/\/www.traduccionesaragon.com\/wp-content\/uploads\/2024\/03\/CLIENTES-TA.png\" alt=\"\" class=\"wp-image-31\" srcset=\"https:\/\/www.traduccionesaragon.com\/wp-content\/uploads\/2024\/03\/CLIENTES-TA.png 960w, https:\/\/www.traduccionesaragon.com\/wp-content\/uploads\/2024\/03\/CLIENTES-TA-300x169.png 300w, https:\/\/www.traduccionesaragon.com\/wp-content\/uploads\/2024\/03\/CLIENTES-TA-768x432.png 768w\" sizes=\"auto, (max-width: 960px) 100vw, 960px\" \/><\/figure>\n<\/div>\n<\/div>\n\n\n\n<div style=\"height:var(--wp--preset--spacing--40)\" aria-hidden=\"true\" class=\"wp-block-spacer\"><\/div>\n<\/div>\n<\/div>\n\n\n\n<div class=\"wp-block-group alignfull has-base-color has-contrast-background-color has-text-color has-background has-global-padding is-layout-constrained wp-container-core-group-is-layout-ef3d885c wp-block-group-is-layout-constrained\" style=\"margin-top:0;margin-bottom:0;padding-top:var(--wp--preset--spacing--60);padding-right:var(--wp--preset--spacing--60);padding-bottom:var(--wp--preset--spacing--60);padding-left:var(--wp--preset--spacing--60)\">\n<div class=\"wp-block-group has-global-padding is-layout-constrained wp-block-group-is-layout-constrained\">\n<p class=\"has-text-align-center has-base-color has-text-color has-heading-font-family has-x-large-font-size\" style=\"line-height:1.2\"><strong>DEJA QUE UN ASESOR TE BRINDE LA MEJOR SOLUCI\u00d3N PARA TU PROYECTO<\/strong><\/p>\n\n\n\n<div style=\"height:var(--wp--preset--spacing--10)\" aria-hidden=\"true\" class=\"wp-block-spacer\"><\/div>\n\n\n\n<div class=\"wp-block-group is-vertical is-content-justification-center is-nowrap is-layout-flex wp-container-core-group-is-layout-2dc08cea wp-block-group-is-layout-flex\">\n<p class=\"has-text-align-center\" style=\"margin-top:var(--wp--preset--spacing--10);margin-bottom:0\">RUB\u00c9N ARAG\u00d3N<\/p>\n\n\n\n<p class=\"has-text-align-center has-contrast-3-color has-text-color has-small-font-size\" style=\"font-style:normal;font-weight:300\">CEO<\/p>\n<\/div>\n<\/div>\n<\/div>\n\n\n\n<div class=\"wp-block-group alignfull has-base-color has-text-color has-background has-link-color wp-elements-4f15cb40df32a78c15fcaea7694be767 has-global-padding is-layout-constrained wp-container-core-group-is-layout-3e963186 wp-block-group-is-layout-constrained\" style=\"background-color:#e4c203;margin-top:0;margin-bottom:0;padding-top:var(--wp--preset--spacing--50);padding-right:var(--wp--preset--spacing--50);padding-bottom:var(--wp--preset--spacing--50);padding-left:var(--wp--preset--spacing--50)\">\n<h2 class=\"wp-block-heading alignwide has-base-color has-text-color has-link-color has-x-large-font-size wp-elements-b0d87afc3d6b8d1dddbc1ae607b17429\" style=\"margin-top:0;margin-bottom:var(--wp--preset--spacing--40);line-height:1\">COBERTURA REGIONAL EN M\u00c9XICO<\/h2>\n\n\n\n<p class=\"has-large-font-size\"> Tenemos varias oficinas en el territorio nacional<\/p>\n\n\n\n<div class=\"wp-block-group has-global-padding is-layout-constrained wp-container-core-group-is-layout-703bee88 wp-block-group-is-layout-constrained\">\n<figure class=\"wp-block-table is-style-regular\"><table><tbody><tr><td>OFICINA CDMX, Calzada San Isidro 630, Despacho 410, Col. San Pedro Xalpa, Alc. Azcapotzalco, C.P. 02710<\/td><td>Tel\u00e9fono <a href=\"tel:015553527434\">01 55 53527434<\/a> Y <a href=\"tel:01%2055%2053528910\">01 55 53528910<\/a><\/td><\/tr><tr><td>OFICINA JALISCO, Calle Mar Rojo No. 2230, Col. Country Club, Zapopan, Jalisco<br>C.P.44610<\/td><td>Tel\u00e9fono: <a href=\"tel:3313827224\">3313827224<\/a><\/td><\/tr><tr><td>OFICINA NUEVO LE\u00d3N Torre\u00f3n No. 1719, Col. Mitras, Centro Monterrey&nbsp; N.L, C.P. 64460<\/td><td>Tel\u00e9fono: <a href=\"callto:%2081%202336%204740\">81 2336 4740<\/a><\/td><\/tr><tr><td>OFICINA SAN MIGUEL DE ALLENDE<br>Salida a Celaya 34, Allende, SanMiguel de Allende, Gto. C.P. 37760<\/td><td>Tel\u00e9fonos: <a href=\"tel:415 145 6055\">415 145 6055<\/a><br><\/td><\/tr><\/tbody><\/table><\/figure>\n<\/div>\n<\/div>\n","protected":false},"excerpt":{"rendered":"<p>Traducimos con los m\u00e1s altos est\u00e1ndares de calidad. Somos una empresa dedicada, desde 1992, a la prestaci\u00f3n de servicios de traducci\u00f3n e interpretaci\u00f3n en sus diferentes modalidades, colaborando con empresas de renombre internacional que respaldan la calidad de nuestros servicios. Tel\u00e9fonos de CDMX: 01 55 53527434 y 01 55 53528910 Si quieres saber el costo [&hellip;]<\/p>\n","protected":false},"author":1,"featured_media":0,"parent":0,"menu_order":0,"comment_status":"closed","ping_status":"closed","template":"","meta":{"_joinchat":[],"footnotes":""},"class_list":["post-7","page","type-page","status-publish","hentry"],"_links":{"self":[{"href":"https:\/\/www.traduccionesaragon.com\/index.php\/wp-json\/wp\/v2\/pages\/7","targetHints":{"allow":["GET"]}}],"collection":[{"href":"https:\/\/www.traduccionesaragon.com\/index.php\/wp-json\/wp\/v2\/pages"}],"about":[{"href":"https:\/\/www.traduccionesaragon.com\/index.php\/wp-json\/wp\/v2\/types\/page"}],"author":[{"embeddable":true,"href":"https:\/\/www.traduccionesaragon.com\/index.php\/wp-json\/wp\/v2\/users\/1"}],"replies":[{"embeddable":true,"href":"https:\/\/www.traduccionesaragon.com\/index.php\/wp-json\/wp\/v2\/comments?post=7"}],"version-history":[{"count":15,"href":"https:\/\/www.traduccionesaragon.com\/index.php\/wp-json\/wp\/v2\/pages\/7\/revisions"}],"predecessor-version":[{"id":54,"href":"https:\/\/www.traduccionesaragon.com\/index.php\/wp-json\/wp\/v2\/pages\/7\/revisions\/54"}],"wp:attachment":[{"href":"https:\/\/www.traduccionesaragon.com\/index.php\/wp-json\/wp\/v2\/media?parent=7"}],"curies":[{"name":"wp","href":"https:\/\/api.w.org\/{rel}","templated":true}]}}